{"id":826,"date":"2023-10-10T13:40:24","date_gmt":"2023-10-10T13:40:24","guid":{"rendered":"https:\/\/verein.bplaced.net\/wordpress\/?page_id=826"},"modified":"2024-01-29T10:35:52","modified_gmt":"2024-01-29T10:35:52","slug":"spenden","status":"publish","type":"page","link":"https:\/\/verein.bplaced.net\/wordpress\/spenden\/","title":{"rendered":"Spenden"},"content":{"rendered":"<div class=\"wpb-content-wrapper\"><p>[vc_row][vc_column][vc_column_text]<\/p>\n<p style=\"text-align: center;\" align=\"center\"><strong><span style=\"font-family: Arial, serif; font-size: large;\">Heilen-Helfen-Tr\u00f6sten<\/span><\/strong><\/p>\n<p align=\"justify\"><strong><span style=\"font-family: Arial, serif; font-size: large;\">Eine Patenschaft ist eine gro\u00dfartige M\u00f6glichkeit, unsere Kinder mit schweren neurologischen Beeintr\u00e4chtigungen im Haus Casa Maria bei Bukarest zu unterst\u00fctzen.<\/span><\/strong><\/p>\n<p align=\"justify\"><strong><span style=\"font-family: Arial, serif; font-size: large;\">Als Patin oder Pate helfen Sie, dass ihr Kind die n\u00f6tige medizinische und therapeutische Betreuung erh\u00e4lt. Sie tragen zu den Kosten f\u00fcr notwendige Medikamente bei und unterst\u00fctzen unser wunderbares Team im Haus. Und Ihre Gro\u00dfz\u00fcgigkeit erm\u00f6glicht auch die kleinen Extras, die den Kindern zeigen, wie wichtig sie uns sind!<\/span><\/strong><\/p>\n<p align=\"justify\"><strong><span style=\"font-family: Arial, serif; font-size: large;\">Wenn Sie Pate\/in werden, schicken wir Ihnen Fotos und Informationen \u00fcber Ihr Kind in Casa Maria. Sie erfahren dann auch, welche besonderen Herausforderungen Ihr Kind gerade meistert. Wenn Sie m\u00f6chten, k\u00f6nnen Sie auch einen Brief schreiben oder ein P\u00e4ckchen schicken. Und nat\u00fcrlich ist auch ein Besuch (bitte mit Anmeldung) m\u00f6glich!<\/span><\/strong><\/p>\n<p align=\"justify\"><strong><span style=\"font-family: Arial, serif; font-size: large;\">Paten\/innen unterst\u00fctzen \u201aihr\u2018 Kind in der Regel mit einem Betrag zwischen 10 und 25 Euro im Monat. Aber Sie k\u00f6nnen selbstverst\u00e4ndlich auch jeden anderen Betrag w\u00e4hlen.<\/span><\/strong><\/p>\n<p align=\"justify\"><strong><span style=\"font-family: Arial, serif; font-size: large;\">Sie haben noch Fragen? Sie m\u00f6chten einem unserer Sch\u00fctzlinge helfen und eine Patenschaft \u00fcbernehmen? Wunderbar!<\/span><\/strong><\/p>\n<p align=\"justify\"><strong><span style=\"font-family: Arial, serif; font-size: large;\">Bitte schreiben Sie uns!<\/span><\/strong><\/p>\n<p align=\"justify\"><strong><span style=\"font-family: Arial, serif; font-size: large;\">vorstand@hilfe-fuer-kinder-in-rumaenien.de<\/span><\/strong><\/p>\n<p><strong>\u00a0<\/strong>[\/vc_column_text][vc_column_text]<\/p>\n<p align=\"center\"><span style=\"font-family: Arial, serif;\"><span style=\"font-size: large;\"><b>Unser Spendenkonto<\/b><\/span><\/span><\/p>\n<p><span style=\"font-family: Arial, serif;\"><span style=\"font-size: large;\"><b>Hilfe f\u00fcr benachteiligte Kinder und Heranwachsende in Rum\u00e4nien <\/b><\/span><\/span><\/p>\n<p>&nbsp;<\/p>\n<p><span style=\"font-family: Arial, serif;\"><span style=\"font-size: large;\"><b>IBAN:\u00a0\u00a0\u00a0\u00a0\u00a0\u00a0\u00a0\u00a0\u00a0\u00a0\u00a0\u00a0\u00a0\u00a0\u00a0\u00a0\u00a0\u00a0DE91 7601 0085 0173 1778 57<\/b><\/span><\/span><\/p>\n<p>&nbsp;<\/p>\n<p><span style=\"font-family: Arial, serif;\"><span style=\"font-size: large;\"><b>Unser Paypal Konto: <\/b><\/span><\/span><a href=\"https:\/\/www.paypal.com\/donate\/?hosted_button_id=58BUQ284V3AGU\" target=\"_blank\" rel=\"noopener\"><span style=\"font-family: Arial, serif;\"><span style=\"font-size: large;\"><i><b>Hier geht&#8217;s zu paypal<\/b><\/i><\/span><\/span><\/a><\/p>\n<p>&nbsp;<\/p>\n<p align=\"justify\"><span style=\"color: #0563c1;\"><span style=\"color: #000000;\"><span style=\"font-family: Arial, serif;\"><span style=\"font-size: medium;\">HiKHeR ist ein gemeinn\u00fctziger Verein; alle Spenden sind in Deutschland steuerlich absetzbar. Bei Spenden bis zur H\u00f6he von 300 Euro reicht dazu Ihr Kontoauszug.<\/span><\/span><\/span><\/span><\/p>\n<p align=\"justify\"><span style=\"color: #0563c1;\"><span style=\"color: #000000;\"><span style=\"font-family: Arial, serif;\"><span style=\"font-size: medium;\"> Sollten Sie mehr als 300 Euro spenden, teilen Sie uns bitte Ihre Adresse mit, damit wir Ihnen eine Spendenquittung zuschicken k\u00f6nnen. <\/span><\/span><\/span><\/span><\/p>\n<p align=\"center\"><span style=\"color: #0563c1;\"><span style=\"color: #000000;\"><span style=\"font-family: Arial, serif;\"><span style=\"font-size: large;\">\u00a0<\/span><\/span><\/span><\/span><\/p>\n<p>[\/vc_column_text][\/vc_column][\/vc_row]<\/p>\n<\/div>","protected":false},"excerpt":{"rendered":"<p>[vc_row][vc_column][vc_column_text] Heilen-Helfen-Tr\u00f6sten Eine Patenschaft ist eine gro\u00dfartige M\u00f6glichkeit, unsere Kinder mit schweren neurologischen Beeintr\u00e4chtigungen im Haus Casa Maria bei Bukarest zu unterst\u00fctzen. Als Patin oder Pate helfen Sie, dass ihr Kind die n\u00f6tige medizinische und therapeutische Betreuung erh\u00e4lt. Sie tragen zu den Kosten f\u00fcr notwendige Medikamente bei und unterst\u00fctzen unser wunderbares Team im Haus. Und&hellip;<\/p>\n","protected":false},"author":1,"featured_media":0,"parent":0,"menu_order":0,"comment_status":"closed","ping_status":"closed","template":"","meta":{"footnotes":""},"class_list":["post-826","page","type-page","status-publish","hentry","description-off"],"_links":{"self":[{"href":"https:\/\/verein.bplaced.net\/wordpress\/wp-json\/wp\/v2\/pages\/826","targetHints":{"allow":["GET"]}}],"collection":[{"href":"https:\/\/verein.bplaced.net\/wordpress\/wp-json\/wp\/v2\/pages"}],"about":[{"href":"https:\/\/verein.bplaced.net\/wordpress\/wp-json\/wp\/v2\/types\/page"}],"author":[{"embeddable":true,"href":"https:\/\/verein.bplaced.net\/wordpress\/wp-json\/wp\/v2\/users\/1"}],"replies":[{"embeddable":true,"href":"https:\/\/verein.bplaced.net\/wordpress\/wp-json\/wp\/v2\/comments?post=826"}],"version-history":[{"count":4,"href":"https:\/\/verein.bplaced.net\/wordpress\/wp-json\/wp\/v2\/pages\/826\/revisions"}],"predecessor-version":[{"id":914,"href":"https:\/\/verein.bplaced.net\/wordpress\/wp-json\/wp\/v2\/pages\/826\/revisions\/914"}],"wp:attachment":[{"href":"https:\/\/verein.bplaced.net\/wordpress\/wp-json\/wp\/v2\/media?parent=826"}],"curies":[{"name":"wp","href":"https:\/\/api.w.org\/{rel}","templated":true}]}}