{"id":762,"date":"2023-07-07T19:35:09","date_gmt":"2023-07-07T19:35:09","guid":{"rendered":"https:\/\/verein.bplaced.net\/wordpress\/?page_id=762"},"modified":"2026-04-20T05:53:16","modified_gmt":"2026-04-20T05:53:16","slug":"unsere-aktionen","status":"publish","type":"page","link":"https:\/\/verein.bplaced.net\/wordpress\/unsere-aktionen\/","title":{"rendered":"Unsere Aktionen"},"content":{"rendered":"<div class=\"wpb-content-wrapper\"><p>[vc_row][vc_column][vc_column_text css=&#8221;&#8221;]<strong>Join the HiKHeR Step Challenge 2026 !<\/strong><\/p>\n<p>Step up for a healthier you and a better world! Lace up your sneakers and embark on a five-week journey of walking <strong>10,000 steps a day<\/strong>, <strong>five days a week <\/strong>to raise money for<\/p>\n<p><strong>Hilfe f\u00fcr benachteiligte Kinder und Heranwachsende in Rum\u00e4nien e.v.*<\/strong> and <strong>Funda\u021bia \u201dCopii \u00een Dificultate\u201d<\/strong>.<\/p>\n<p>Starting on the UN International Day of Families, <strong>15 May 2026<\/strong>, this is your chance to make every step count. Invite your loved ones\u2014spouses, kids, friends, and even your furry pals\u2014to join in the fun and walk together for health, happiness, and hope!<\/p>\n<p><img loading=\"lazy\" decoding=\"async\" class=\"size-medium wp-image-1013 alignleft\" src=\"http:\/\/verein.bplaced.net\/wordpress\/wp-content\/uploads\/2026\/04\/step-challege-2026-1-300x176.png\" alt=\"\" width=\"300\" height=\"176\" srcset=\"https:\/\/verein.bplaced.net\/wordpress\/wp-content\/uploads\/2026\/04\/step-challege-2026-1-300x176.png 300w, https:\/\/verein.bplaced.net\/wordpress\/wp-content\/uploads\/2026\/04\/step-challege-2026-1.png 456w\" sizes=\"auto, (max-width: 300px) 100vw, 300px\" \/>Here&#8217;s how it works: Get sponsored** by friends and family for a flat amount or for every step, kilometer\/mile, or day you walk. It&#8217;s a fantastic way to stay fit, connect with others, and raise money for a great cause.<\/p>\n<p>Sponsorships** may be remitted directly to <strong>Hilfe f\u00fcr benachteiligte Kinder und Heranwachsende in Rum\u00e4nien e.V.:<\/strong><\/p>\n<p><strong>Via Wire Transfer<\/strong>\u00a0\u00a0\u00a0\u00a0\u00a0 IBAN:\u00a0 <strong>DE91 7601 0085 0173 1778 57 \u00a0\u00a0\u00a0 <\/strong>BIC:\u00a0 <strong>PBNKDEFF<\/strong><\/p>\n<p>*<strong>Hilfe f\u00fcr benachteiligte Kinder und Heranwachsende in Rum\u00e4nien e.v.<\/strong> is a German Verein dedicated to helping disadvantaged children and adolescents in Romania .<\/p>\n<p>&nbsp;<\/p>\n<p>&nbsp;<\/p>\n<p><strong>Paypal QR Code<\/strong><\/p>\n<p><img loading=\"lazy\" decoding=\"async\" class=\"alignnone size-full wp-image-1012\" src=\"http:\/\/verein.bplaced.net\/wordpress\/wp-content\/uploads\/2026\/04\/QR-Paypal-Hikher.png\" alt=\"\" width=\"128\" height=\"128\" \/><\/p>\n<p>&nbsp;<\/p>\n<p>**Tax receipts can be issued for donations made in Germany.<\/p>\n<p>&nbsp;<\/p>\n<p><strong>Via PayPal: \u00a0\u00a0\u00a0\u00a0\u00a0\u00a0\u00a0\u00a0\u00a0 Link: <\/strong><a href=\"https:\/\/www.paypal.com\/donate\/?hosted_button_id=58BUQ284V3AGU\"><strong>https:\/\/www.paypal.com\/donate\/?hosted_button_id=58BUQ284V3AGU<\/strong><\/a><\/p>\n<p>&nbsp;<\/p>\n<p>&nbsp;<\/p>\n<p>Sign up today and make a difference, one step at a time![\/vc_column_text][vc_column_text css=&#8221;&#8221;]<\/p>\n<h1><strong>Unsere Aktionen <\/strong><\/h1>\n<p>&nbsp;<\/p>\n<h2><strong><span class=\" --l --r bg-[#E1F0F5] text-[#25282D] alignedSentenceHighlight--Ugo-N sentence_highlight\"><span class=\"--l --r hover:bg-[#B4DAE8]\">Demn\u00e4chst<\/span><\/span>:<\/strong><\/h2>\n<h3>2025:<\/h3>\n<h2><strong><img loading=\"lazy\" decoding=\"async\" class=\"alignnone wp-image-961 size-large\" src=\"http:\/\/verein.bplaced.net\/wordpress\/wp-content\/uploads\/2025\/11\/Flyer-HiKHeR-Love-in-a-Box-2025_Page_3-1024x723.jpg\" alt=\"\" width=\"1024\" height=\"723\" srcset=\"https:\/\/verein.bplaced.net\/wordpress\/wp-content\/uploads\/2025\/11\/Flyer-HiKHeR-Love-in-a-Box-2025_Page_3-1024x723.jpg 1024w, https:\/\/verein.bplaced.net\/wordpress\/wp-content\/uploads\/2025\/11\/Flyer-HiKHeR-Love-in-a-Box-2025_Page_3-300x212.jpg 300w, https:\/\/verein.bplaced.net\/wordpress\/wp-content\/uploads\/2025\/11\/Flyer-HiKHeR-Love-in-a-Box-2025_Page_3-768x542.jpg 768w, https:\/\/verein.bplaced.net\/wordpress\/wp-content\/uploads\/2025\/11\/Flyer-HiKHeR-Love-in-a-Box-2025_Page_3-1536x1084.jpg 1536w, https:\/\/verein.bplaced.net\/wordpress\/wp-content\/uploads\/2025\/11\/Flyer-HiKHeR-Love-in-a-Box-2025_Page_3.jpg 1653w\" sizes=\"auto, (max-width: 1024px) 100vw, 1024px\" \/><\/strong><\/h2>\n<h2><strong><img loading=\"lazy\" decoding=\"async\" class=\"alignnone wp-image-962 size-full\" src=\"http:\/\/verein.bplaced.net\/wordpress\/wp-content\/uploads\/2025\/11\/Flyer-HiKHeR-Love-in-a-Box-2025_Page_1.jpg\" alt=\"\" width=\"604\" height=\"426\" srcset=\"https:\/\/verein.bplaced.net\/wordpress\/wp-content\/uploads\/2025\/11\/Flyer-HiKHeR-Love-in-a-Box-2025_Page_1.jpg 604w, https:\/\/verein.bplaced.net\/wordpress\/wp-content\/uploads\/2025\/11\/Flyer-HiKHeR-Love-in-a-Box-2025_Page_1-300x212.jpg 300w\" sizes=\"auto, (max-width: 604px) 100vw, 604px\" \/><\/strong><\/h2>\n<h2><strong><img loading=\"lazy\" decoding=\"async\" class=\"alignnone wp-image-963 size-full\" src=\"http:\/\/verein.bplaced.net\/wordpress\/wp-content\/uploads\/2025\/11\/Flyer-HiKHeR-Love-in-a-Box-2025_Page_2.jpg\" alt=\"\" width=\"595\" height=\"420\" srcset=\"https:\/\/verein.bplaced.net\/wordpress\/wp-content\/uploads\/2025\/11\/Flyer-HiKHeR-Love-in-a-Box-2025_Page_2.jpg 595w, https:\/\/verein.bplaced.net\/wordpress\/wp-content\/uploads\/2025\/11\/Flyer-HiKHeR-Love-in-a-Box-2025_Page_2-300x212.jpg 300w\" sizes=\"auto, (max-width: 595px) 100vw, 595px\" \/><\/strong><\/h2>\n<h2><strong>Abgeschlossen:<\/strong><\/h2>\n<h3>2024:<\/h3>\n<p><img loading=\"lazy\" decoding=\"async\" class=\"alignnone size-medium wp-image-938\" src=\"http:\/\/verein.bplaced.net\/wordpress\/wp-content\/uploads\/2024\/11\/Love-in-a-box-24v2-1-300x212.png\" alt=\"\" width=\"500\" height=\"353\" srcset=\"https:\/\/verein.bplaced.net\/wordpress\/wp-content\/uploads\/2024\/11\/Love-in-a-box-24v2-1-300x212.png 300w, https:\/\/verein.bplaced.net\/wordpress\/wp-content\/uploads\/2024\/11\/Love-in-a-box-24v2-1-1024x722.png 1024w, https:\/\/verein.bplaced.net\/wordpress\/wp-content\/uploads\/2024\/11\/Love-in-a-box-24v2-1-768x541.png 768w, https:\/\/verein.bplaced.net\/wordpress\/wp-content\/uploads\/2024\/11\/Love-in-a-box-24v2-1.png 1241w\" sizes=\"auto, (max-width: 500px) 100vw, 500px\" \/><br \/>\n<img loading=\"lazy\" decoding=\"async\" class=\"alignnone size-medium wp-image-937\" src=\"http:\/\/verein.bplaced.net\/wordpress\/wp-content\/uploads\/2024\/11\/Love-in-a-box-24v2-2-300x212.png\" alt=\"\" width=\"500\" height=\"353\" srcset=\"https:\/\/verein.bplaced.net\/wordpress\/wp-content\/uploads\/2024\/11\/Love-in-a-box-24v2-2-300x212.png 300w, https:\/\/verein.bplaced.net\/wordpress\/wp-content\/uploads\/2024\/11\/Love-in-a-box-24v2-2-1024x722.png 1024w, https:\/\/verein.bplaced.net\/wordpress\/wp-content\/uploads\/2024\/11\/Love-in-a-box-24v2-2-768x541.png 768w, https:\/\/verein.bplaced.net\/wordpress\/wp-content\/uploads\/2024\/11\/Love-in-a-box-24v2-2.png 1241w\" sizes=\"auto, (max-width: 500px) 100vw, 500px\" \/><\/p>\n<p><img decoding=\"async\" class=\"alignnone size-medium wp-image-931\" src=\"http:\/\/verein.bplaced.net\/wordpress\/wp-content\/uploads\/2024\/08\/Newsletter-CID-146x300.jpg\" alt=\"\" width=\"500\" srcset=\"https:\/\/verein.bplaced.net\/wordpress\/wp-content\/uploads\/2024\/08\/Newsletter-CID-146x300.jpg 146w, https:\/\/verein.bplaced.net\/wordpress\/wp-content\/uploads\/2024\/08\/Newsletter-CID-499x1024.jpg 499w, https:\/\/verein.bplaced.net\/wordpress\/wp-content\/uploads\/2024\/08\/Newsletter-CID.jpg 650w\" sizes=\"(max-width: 146px) 100vw, 146px\" \/><\/p>\n<h3>2023:<\/h3>\n<h4>Love in a box 2023<\/h4>\n<h4>10.000 Schritte f\u00fcr HikHeR 2023!<\/h4>\n<p><a href=\"http:\/\/verein.bplaced.net\/wordpress\/wp-content\/uploads\/2023\/07\/10000-steps.jpg\"><img loading=\"lazy\" decoding=\"async\" class=\"alignnone wp-image-765 size-medium\" src=\"http:\/\/verein.bplaced.net\/wordpress\/wp-content\/uploads\/2023\/07\/10000-steps-300x213.jpg\" alt=\"\" width=\"300\" height=\"213\" srcset=\"https:\/\/verein.bplaced.net\/wordpress\/wp-content\/uploads\/2023\/07\/10000-steps-300x213.jpg 300w, https:\/\/verein.bplaced.net\/wordpress\/wp-content\/uploads\/2023\/07\/10000-steps.jpg 550w\" sizes=\"auto, (max-width: 300px) 100vw, 300px\" \/><\/a><\/p>\n<h3>2022:<\/h3>\n<p>10.000 Schritte f\u00fcr HikHeR<\/p>\n<p>7 Wochen lang jeden Tag mindestens 10.000 Schritte machen- dazu haben sich die Mitglieder von HiKHeR im Sommer verpflichtet. Durch Sponsoren aus Familie und Freundeskreis wurden mehr als 1500 Euro f\u00fcr unsere Kinder gesammelt.<\/p>\n<p>Wir unterst\u00fctzen unseren Verein (Sammeln von Gutscheinen f\u00fcr einen Preis einer gro\u00dfen Discounterkette)<\/p>\n<p>1000 Euro haben wir gewonnen f\u00fcr die Kinder- viele H\u00e4nde haben uns geholfen, die ben\u00f6tigten Gutscheine zusammenzutragen!<\/p>\n<p>Geschenke, die von Herzen kommen<\/p>\n<p>Viele Menschen aus ganz Deutschland haben uns geholfen, zu Weihnachten einen Schuhkarton mit n\u00fctzlichen Dingen wie warmer Kleidung oder Schulmaterial zu f\u00fcllen. Die Freude bei den Familien in Rum\u00e4nien \u00fcber die unerwarteten und n\u00fctzlichen Gaben war gro\u00df![\/vc_column_text][\/vc_column][\/vc_row]<\/p>\n<\/div>","protected":false},"excerpt":{"rendered":"<p>[vc_row][vc_column][vc_column_text css=&#8221;&#8221;]Join the HiKHeR Step Challenge 2026 ! Step up for a healthier you and a better world! Lace up your sneakers and embark on a five-week journey of walking 10,000 steps a day, five days a week to raise money for Hilfe f\u00fcr benachteiligte Kinder und Heranwachsende in Rum\u00e4nien e.v.* and Funda\u021bia \u201dCopii \u00een&hellip;<\/p>\n","protected":false},"author":1,"featured_media":0,"parent":0,"menu_order":0,"comment_status":"closed","ping_status":"closed","template":"","meta":{"footnotes":""},"class_list":["post-762","page","type-page","status-publish","hentry","description-off"],"_links":{"self":[{"href":"https:\/\/verein.bplaced.net\/wordpress\/wp-json\/wp\/v2\/pages\/762","targetHints":{"allow":["GET"]}}],"collection":[{"href":"https:\/\/verein.bplaced.net\/wordpress\/wp-json\/wp\/v2\/pages"}],"about":[{"href":"https:\/\/verein.bplaced.net\/wordpress\/wp-json\/wp\/v2\/types\/page"}],"author":[{"embeddable":true,"href":"https:\/\/verein.bplaced.net\/wordpress\/wp-json\/wp\/v2\/users\/1"}],"replies":[{"embeddable":true,"href":"https:\/\/verein.bplaced.net\/wordpress\/wp-json\/wp\/v2\/comments?post=762"}],"version-history":[{"count":27,"href":"https:\/\/verein.bplaced.net\/wordpress\/wp-json\/wp\/v2\/pages\/762\/revisions"}],"predecessor-version":[{"id":1015,"href":"https:\/\/verein.bplaced.net\/wordpress\/wp-json\/wp\/v2\/pages\/762\/revisions\/1015"}],"wp:attachment":[{"href":"https:\/\/verein.bplaced.net\/wordpress\/wp-json\/wp\/v2\/media?parent=762"}],"curies":[{"name":"wp","href":"https:\/\/api.w.org\/{rel}","templated":true}]}}