{"id":758,"date":"2023-07-07T18:19:19","date_gmt":"2023-07-07T18:19:19","guid":{"rendered":"https:\/\/verein.bplaced.net\/wordpress\/?page_id=758"},"modified":"2025-11-17T07:40:14","modified_gmt":"2025-11-17T07:40:14","slug":"st-christophers-haus","status":"publish","type":"page","link":"https:\/\/verein.bplaced.net\/wordpress\/st-christophers-haus\/","title":{"rendered":"St Christopher\u2019s Haus"},"content":{"rendered":"<div class=\"wpb-content-wrapper\"><p>[vc_row][vc_column][vc_column_text css=&#8221;&#8221;]<img loading=\"lazy\" decoding=\"async\" class=\"size-medium wp-image-734 alignleft\" src=\"http:\/\/verein.bplaced.net\/wordpress\/wp-content\/uploads\/2023\/07\/No.10--300x200.jpg\" alt=\"\" width=\"300\" height=\"200\" srcset=\"https:\/\/verein.bplaced.net\/wordpress\/wp-content\/uploads\/2023\/07\/No.10--300x200.jpg 300w, https:\/\/verein.bplaced.net\/wordpress\/wp-content\/uploads\/2023\/07\/No.10--1024x683.jpg 1024w, https:\/\/verein.bplaced.net\/wordpress\/wp-content\/uploads\/2023\/07\/No.10--768x512.jpg 768w, https:\/\/verein.bplaced.net\/wordpress\/wp-content\/uploads\/2023\/07\/No.10--1536x1024.jpg 1536w, https:\/\/verein.bplaced.net\/wordpress\/wp-content\/uploads\/2023\/07\/No.10--2048x1365.jpg 2048w\" sizes=\"auto, (max-width: 300px) 100vw, 300px\" \/>St. Christopher\u2019s Haus wurde 1998 gegr\u00fcndet, um Kindern aus wirtschaftlich schwierigen Verh\u00e4ltnissen und oft dysfunktionalen Familien in Arges County nach der Schule und am Wochenende ein \u201eZuhause auf Zeit\u201c zu bieten. Arges liegt etwa eine Stunde und 45 Minuten nordwestlich von Bukarest. Die Kinder in der Gegend werden oft von\u00a0 ihrer Familie dazu gedr\u00e4ngt, die Schule abzubrechen, um irgendeine Art von Arbeit zu finden oder zu betteln. Das Ziel von St Christopher\u2019s ist es, dass diese Kinder weiter die Schule besuchen. Dadurch wird ihr Selbstwertgef\u00fchl und ihr Ehrgeiz gest\u00e4rkt, damit sie f\u00fcr sich selbst eine bessere Zukunft sehen k\u00f6nnen, die nicht aus k\u00f6rperlicher Arbeit oder Betteln besteht. St Christopher\u2019s bietet Programme f\u00fcr Hunderte von Kindern und Jugendlichen an. Die Programme reichen von Exkursionen, Kunsthandwerk, Musik, Sport und Geburtstagsfeiern bis hin zu Besuchen vom Weihnachtsmann und dem Osterhasen, die beide Geschenke f\u00fcr jedes Kind und eine T\u00fcte Lebensmittel f\u00fcr die Familie der Kinder mitbringen. Die Hoffnung ist, dass sich die Jugendlichen fit f\u00fchlen, in der Schule zu bleiben, wenn sie ihre sozialen F\u00e4higkeiten im Kontakt miteinander verbessern und M\u00f6glichkeiten kennenlernen, die ihnen m\u00f6glicherweise in ihrem Leben offen stehen. St Christopher\u2019s finanziert sich ausschlie\u00dflich aus der Gro\u00dfz\u00fcgigkeit der Spender. Wir bitten Sie, im Namen der Kinder und Jugendlichen von St. Christopher\u2019s, eine Spende an HiKHeR in Erw\u00e4gung zu ziehen.<\/p>\n<p>&nbsp;<\/p>\n<p>&nbsp;<\/p>\n<p>[\/vc_column_text][vc_empty_space][vc_column_text css=&#8221;&#8221;]<\/p>\n<h3><strong><em>Die Kinder zusammenkamen, um Rum\u00e4niens \u201cKleine Union\u201c zu feiern<\/em><\/strong><\/h3>\n<p>&nbsp;<\/p>\n<p><img loading=\"lazy\" decoding=\"async\" class=\"size-medium wp-image-966 alignleft\" src=\"http:\/\/verein.bplaced.net\/wordpress\/wp-content\/uploads\/2025\/11\/PHOTO-32-300x225.jpg\" alt=\"\" width=\"300\" height=\"225\" srcset=\"https:\/\/verein.bplaced.net\/wordpress\/wp-content\/uploads\/2025\/11\/PHOTO-32-300x225.jpg 300w, https:\/\/verein.bplaced.net\/wordpress\/wp-content\/uploads\/2025\/11\/PHOTO-32-1024x768.jpg 1024w, https:\/\/verein.bplaced.net\/wordpress\/wp-content\/uploads\/2025\/11\/PHOTO-32-768x576.jpg 768w, https:\/\/verein.bplaced.net\/wordpress\/wp-content\/uploads\/2025\/11\/PHOTO-32-1536x1152.jpg 1536w, https:\/\/verein.bplaced.net\/wordpress\/wp-content\/uploads\/2025\/11\/PHOTO-32.jpg 1600w\" sizes=\"auto, (max-width: 300px) 100vw, 300px\" \/>Ein besonders lustiger Tag vor kurzem war, als die Kinder zusammenkamen, um Rum\u00e4niens \u201cKleine Union\u201c zu feiern. Dies ist ein staatlicher Feiertag, offiziell bekannt als der Tag der Vereinigung der rum\u00e4nischen F\u00fcrstent\u00fcmer Walachei und Moldau, bekannt als \u201edie kleine Union\u201c. Er erinnert daran, wann diese beiden F\u00fcrstent\u00fcmer 1859 unter der F\u00fchrung von Prinz Alexandru Ioan Cuza, einem der gro\u00dfen Helden Rum\u00e4niens, vereint wurden, um die Nation Rum\u00e4nien zu schaffen. Um den Tag zu feiern, machten die Kinder Zeichnungen und Collagen \u00fcber ihre Stadt Bukarest, die Hauptstadt, und das Land. Sie verwendeten die Farben der rum\u00e4nischen Flagge: Rot, Blau und Gelb. Den Kindern wurde gesagt, dass die Rum\u00e4nen wie eine Familie vereint sind und dass hoffentlich jeder das Gef\u00fchl hat, zu Rum\u00e4nien zu geh\u00f6ren.[\/vc_column_text][vc_empty_space][vc_column_text css=&#8221;&#8221;]<\/p>\n<h3><strong><em>Martisor<\/em><\/strong><\/h3>\n<p><img loading=\"lazy\" decoding=\"async\" class=\"size-medium wp-image-974 alignleft\" src=\"http:\/\/verein.bplaced.net\/wordpress\/wp-content\/uploads\/2025\/11\/PHOTO-35-225x300.jpg\" alt=\"\" width=\"225\" height=\"300\" srcset=\"https:\/\/verein.bplaced.net\/wordpress\/wp-content\/uploads\/2025\/11\/PHOTO-35-225x300.jpg 225w, https:\/\/verein.bplaced.net\/wordpress\/wp-content\/uploads\/2025\/11\/PHOTO-35-768x1024.jpg 768w, https:\/\/verein.bplaced.net\/wordpress\/wp-content\/uploads\/2025\/11\/PHOTO-35-1152x1536.jpg 1152w, https:\/\/verein.bplaced.net\/wordpress\/wp-content\/uploads\/2025\/11\/PHOTO-35-1536x2048.jpg 1536w, https:\/\/verein.bplaced.net\/wordpress\/wp-content\/uploads\/2025\/11\/PHOTO-35-scaled.jpg 1920w\" sizes=\"auto, (max-width: 225px) 100vw, 225px\" \/><img loading=\"lazy\" decoding=\"async\" class=\"size-medium wp-image-973 alignleft\" src=\"http:\/\/verein.bplaced.net\/wordpress\/wp-content\/uploads\/2025\/11\/PHOTO-34-273x300.jpg\" alt=\"\" width=\"273\" height=\"300\" srcset=\"https:\/\/verein.bplaced.net\/wordpress\/wp-content\/uploads\/2025\/11\/PHOTO-34-273x300.jpg 273w, https:\/\/verein.bplaced.net\/wordpress\/wp-content\/uploads\/2025\/11\/PHOTO-34-931x1024.jpg 931w, https:\/\/verein.bplaced.net\/wordpress\/wp-content\/uploads\/2025\/11\/PHOTO-34-768x844.jpg 768w, https:\/\/verein.bplaced.net\/wordpress\/wp-content\/uploads\/2025\/11\/PHOTO-34.jpg 1057w\" sizes=\"auto, (max-width: 273px) 100vw, 273px\" \/>Der 1. M\u00e4rz ist Martisor in Rum\u00e4nien. Es ist ein Tag, um den Fr\u00fchling zu feiern und Dankbarkeit gegen\u00fcber Frauen zu zeigen, indem man ihnen kleine Geschenke macht. Martisor wurde von den Kindern von St. Christopher\u2019s begangen, indem sie Geschenke f\u00fcr die besonderen Frauen in ihrem Leben bastelten, darunter M\u00fctter, Gro\u00dfm\u00fctter und Lehrerinnen. Die Kinder hatten gro\u00dfen Spa\u00df daran, die Geschenke zu machen und sie den Frauen zu \u00fcberreichen, die einen Unterschied in ihrem Leben ausmachen.Foto 33Foto 34Um den Muttertag im Mai zu feiern, machten die Kinder von St. Christopher\u2019s Karten und Geschenke f\u00fcr ihre M\u00fctter und andere Frauen in ihrem Leben. Es war die Art der Kinder, ihre Kreativit\u00e4t zu nutzen, um diesen besonderen Frauen Ehre zu erweisen.<\/p>\n<p>&nbsp;<\/p>\n<p>&nbsp;<\/p>\n<p>&nbsp;<\/p>\n<p>&nbsp;<\/p>\n<p>&nbsp;<\/p>\n<p>&nbsp;<\/p>\n<p>[\/vc_column_text][\/vc_column][\/vc_row]<\/p>\n<\/div>","protected":false},"excerpt":{"rendered":"<p>[vc_row][vc_column][vc_column_text css=&#8221;&#8221;]St. Christopher\u2019s Haus wurde 1998 gegr\u00fcndet, um Kindern aus wirtschaftlich schwierigen Verh\u00e4ltnissen und oft dysfunktionalen Familien in Arges County nach der Schule und am Wochenende ein \u201eZuhause auf Zeit\u201c zu bieten. Arges liegt etwa eine Stunde und 45 Minuten nordwestlich von Bukarest. Die Kinder in der Gegend werden oft von\u00a0 ihrer Familie dazu gedr\u00e4ngt,&hellip;<\/p>\n","protected":false},"author":1,"featured_media":0,"parent":0,"menu_order":0,"comment_status":"closed","ping_status":"closed","template":"","meta":{"footnotes":""},"class_list":["post-758","page","type-page","status-publish","hentry","description-off"],"_links":{"self":[{"href":"https:\/\/verein.bplaced.net\/wordpress\/wp-json\/wp\/v2\/pages\/758","targetHints":{"allow":["GET"]}}],"collection":[{"href":"https:\/\/verein.bplaced.net\/wordpress\/wp-json\/wp\/v2\/pages"}],"about":[{"href":"https:\/\/verein.bplaced.net\/wordpress\/wp-json\/wp\/v2\/types\/page"}],"author":[{"embeddable":true,"href":"https:\/\/verein.bplaced.net\/wordpress\/wp-json\/wp\/v2\/users\/1"}],"replies":[{"embeddable":true,"href":"https:\/\/verein.bplaced.net\/wordpress\/wp-json\/wp\/v2\/comments?post=758"}],"version-history":[{"count":12,"href":"https:\/\/verein.bplaced.net\/wordpress\/wp-json\/wp\/v2\/pages\/758\/revisions"}],"predecessor-version":[{"id":982,"href":"https:\/\/verein.bplaced.net\/wordpress\/wp-json\/wp\/v2\/pages\/758\/revisions\/982"}],"wp:attachment":[{"href":"https:\/\/verein.bplaced.net\/wordpress\/wp-json\/wp\/v2\/media?parent=758"}],"curies":[{"name":"wp","href":"https:\/\/api.w.org\/{rel}","templated":true}]}}