{"id":750,"date":"2023-07-07T18:14:24","date_gmt":"2023-07-07T18:14:24","guid":{"rendered":"https:\/\/verein.bplaced.net\/wordpress\/?page_id=750"},"modified":"2023-07-07T18:16:54","modified_gmt":"2023-07-07T18:16:54","slug":"therapiehunde-helfen-den-kindern","status":"publish","type":"page","link":"https:\/\/verein.bplaced.net\/wordpress\/therapiehunde-helfen-den-kindern\/","title":{"rendered":"Therapiehunde helfen den Kindern!"},"content":{"rendered":"<div class=\"wpb-content-wrapper\"><p>[vc_row][vc_column][vc_column_text]<\/p>\n<h3><strong>Therapiehunde helfen den Kindern!<\/strong><\/h3>\n<p><img loading=\"lazy\" decoding=\"async\" class=\"size-medium wp-image-753 alignleft\" src=\"http:\/\/verein.bplaced.net\/wordpress\/wp-content\/uploads\/2023\/07\/NO-9-DOG-THERAPY-1-300x225.jpeg\" alt=\"\" width=\"300\" height=\"225\" srcset=\"https:\/\/verein.bplaced.net\/wordpress\/wp-content\/uploads\/2023\/07\/NO-9-DOG-THERAPY-1-300x225.jpeg 300w, https:\/\/verein.bplaced.net\/wordpress\/wp-content\/uploads\/2023\/07\/NO-9-DOG-THERAPY-1-1024x768.jpeg 1024w, https:\/\/verein.bplaced.net\/wordpress\/wp-content\/uploads\/2023\/07\/NO-9-DOG-THERAPY-1-768x576.jpeg 768w, https:\/\/verein.bplaced.net\/wordpress\/wp-content\/uploads\/2023\/07\/NO-9-DOG-THERAPY-1-1536x1152.jpeg 1536w, https:\/\/verein.bplaced.net\/wordpress\/wp-content\/uploads\/2023\/07\/NO-9-DOG-THERAPY-1.jpeg 2000w\" sizes=\"auto, (max-width: 300px) 100vw, 300px\" \/>Regelm\u00e4\u00dfig bekommen unsere Kinder Besuch von speziell ausgebildeten Therapiehunden. Andrei, Bubu, Cristiana, Stefan and Cristina haben gelernt, wie man mit einem Welpen spazieren geht und f\u00fcr ihn sorgt. Dabei haben sie auch neue Worte wie \u2018Sitz\u2019 und \u2018Platz\u2019 gelernt. Bei den Spazierg\u00e4ngen lernten sie auch ihre neuen Nachbarn in Casa Maria kennen. Die Therapie ist f\u00fcr die Kinder immens wichtig, denn sie entwickeln lebenswichtige kognitive F\u00e4higkeiten und emotionale Stabilit\u00e4t im Umgang mit den freundlichen Tieren. Das kommt ihnen auch im Umgang mit Menschen zugute. \u00a0Selbst f\u00fcr die Kinder, die sich nicht verbal ausdr\u00fccken k\u00f6nnen, ist der Umgang mit den Therapiehunden eine gro\u00dfe Freude.<\/p>\n<p><img loading=\"lazy\" decoding=\"async\" class=\"size-medium wp-image-752 alignright\" src=\"http:\/\/verein.bplaced.net\/wordpress\/wp-content\/uploads\/2023\/07\/NO.-8-DOG-THERAPY-1-300x225.jpeg\" alt=\"\" width=\"300\" height=\"225\" srcset=\"https:\/\/verein.bplaced.net\/wordpress\/wp-content\/uploads\/2023\/07\/NO.-8-DOG-THERAPY-1-300x225.jpeg 300w, https:\/\/verein.bplaced.net\/wordpress\/wp-content\/uploads\/2023\/07\/NO.-8-DOG-THERAPY-1-1024x768.jpeg 1024w, https:\/\/verein.bplaced.net\/wordpress\/wp-content\/uploads\/2023\/07\/NO.-8-DOG-THERAPY-1-768x576.jpeg 768w, https:\/\/verein.bplaced.net\/wordpress\/wp-content\/uploads\/2023\/07\/NO.-8-DOG-THERAPY-1-1536x1152.jpeg 1536w, https:\/\/verein.bplaced.net\/wordpress\/wp-content\/uploads\/2023\/07\/NO.-8-DOG-THERAPY-1.jpeg 2000w\" sizes=\"auto, (max-width: 300px) 100vw, 300px\" \/>Stefan z.B. ist sehr verantwortungsvoll im Umgang mit seinem Hund. Andrei sorgt sich um seinen Hund und ist immer darauf bedacht, dass sie sicher auf der Stra\u00dfe unterwegs sind. Mit der Hilfe von Hund Betti hat Christina ihre Furcht vor Hunden \u00fcberwunden und kann nun auch an einem Zaun vorbeilaufen, hinter dem ein Hund laut bellt. Bubu redet regelm\u00e4\u00dfig mit seinem Hund und hat dadurch seinen Wortschatz erheblich erweitert. Er kann sogar sagen, wie sehr er den Hund mag. Christiana, die im Rollstuhl sitzt, hat ihre Balance und Kontrolle so weit verbessern k\u00f6nnen, dass sie auch mit ihrem Hund spazieren gehen kann.<\/p>\n<p><strong>Die Hundetherapie ist ein wesentlicher Bestandteil der F\u00f6rderung der Kinder in Casa Maria. Einen Therapiehund auszubilden und einzusetzen, kostet Geld. Helfen Sie uns, damit dies auch weiterhin m\u00f6glich ist! <\/strong>[\/vc_column_text][\/vc_column][\/vc_row]<\/p>\n<\/div>","protected":false},"excerpt":{"rendered":"<p>[vc_row][vc_column][vc_column_text] Therapiehunde helfen den Kindern! Regelm\u00e4\u00dfig bekommen unsere Kinder Besuch von speziell ausgebildeten Therapiehunden. Andrei, Bubu, Cristiana, Stefan and Cristina haben gelernt, wie man mit einem Welpen spazieren geht und f\u00fcr ihn sorgt. Dabei haben sie auch neue Worte wie \u2018Sitz\u2019 und \u2018Platz\u2019 gelernt. Bei den Spazierg\u00e4ngen lernten sie auch ihre neuen Nachbarn in Casa&hellip;<\/p>\n","protected":false},"author":1,"featured_media":0,"parent":0,"menu_order":0,"comment_status":"closed","ping_status":"closed","template":"","meta":{"footnotes":""},"class_list":["post-750","page","type-page","status-publish","hentry","description-off"],"_links":{"self":[{"href":"https:\/\/verein.bplaced.net\/wordpress\/wp-json\/wp\/v2\/pages\/750","targetHints":{"allow":["GET"]}}],"collection":[{"href":"https:\/\/verein.bplaced.net\/wordpress\/wp-json\/wp\/v2\/pages"}],"about":[{"href":"https:\/\/verein.bplaced.net\/wordpress\/wp-json\/wp\/v2\/types\/page"}],"author":[{"embeddable":true,"href":"https:\/\/verein.bplaced.net\/wordpress\/wp-json\/wp\/v2\/users\/1"}],"replies":[{"embeddable":true,"href":"https:\/\/verein.bplaced.net\/wordpress\/wp-json\/wp\/v2\/comments?post=750"}],"version-history":[{"count":3,"href":"https:\/\/verein.bplaced.net\/wordpress\/wp-json\/wp\/v2\/pages\/750\/revisions"}],"predecessor-version":[{"id":756,"href":"https:\/\/verein.bplaced.net\/wordpress\/wp-json\/wp\/v2\/pages\/750\/revisions\/756"}],"wp:attachment":[{"href":"https:\/\/verein.bplaced.net\/wordpress\/wp-json\/wp\/v2\/media?parent=750"}],"curies":[{"name":"wp","href":"https:\/\/api.w.org\/{rel}","templated":true}]}}