{"id":301,"date":"2016-06-03T12:15:53","date_gmt":"2016-06-03T11:15:53","guid":{"rendered":"https:\/\/the7.io\/psy\/?page_id=2"},"modified":"2025-08-10T21:23:23","modified_gmt":"2025-08-10T21:23:23","slug":"home","status":"publish","type":"page","link":"https:\/\/verein.bplaced.net\/wordpress\/","title":{"rendered":"Home"},"content":{"rendered":"<div class=\"wpb-content-wrapper\"><p>[vc_row content_placement=&#8221;middle&#8221; type=&#8221;vc_default&#8221; css=&#8221;.vc_custom_1474212321334{padding-bottom: 55px !important;}&#8221;][vc_column width=&#8221;1\/4&#8243; offset=&#8221;vc_col-lg-offset-0 vc_col-lg-6 vc_col-md-offset-0 vc_col-md-6 vc_col-xs-12&#8243;][vc_video link=&#8221;https:\/\/www.youtube.com\/watch?v=pkDSFXFIo1w&#8221; css=&#8221;&#8221;][vc_single_image image=&#8221;806&#8243; alignment=&#8221;center&#8221; css=&#8221;.vc_custom_1754861000942{padding-bottom: 30px !important;}&#8221;][vc_video link=&#8221;https:\/\/www.youtube.com\/watch?v=-KT2Isa9yhw&#8221; css=&#8221;&#8221;][\/vc_column][vc_column width=&#8221;3\/4&#8243; offset=&#8221;vc_col-lg-6 vc_col-md-6 vc_col-xs-12&#8243;]<div id=\"ultimate-heading-810569e88e3cef695\" class=\"uvc-heading ult-adjust-bottom-margin ultimate-heading-810569e88e3cef695 uvc-1763 \" data-hspacer=\"no_spacer\"  data-halign=\"left\" style=\"text-align:left\"><div class=\"uvc-heading-spacer no_spacer\" style=\"top\"><\/div><div class=\"uvc-main-heading ult-responsive\"  data-ultimate-target='.uvc-heading.ultimate-heading-810569e88e3cef695 h3'  data-responsive-json-new='{\"font-size\":\"desktop:30px;\",\"line-height\":\"desktop:40px;\"}' ><h3 style=\"font-family:&#039;Raleway&#039;;font-weight:600;margin-bottom:20px;\">Hilfe f\u00fcr benachteiligte Kinder und Heranwachsende in Rum\u00e4nien<\/h3><\/div><\/div>[vc_column_text css=&#8221;.vc_custom_1754860442015{padding-bottom: 30px !important;}&#8221;]<span style=\"font-weight: 400;\">Hilfe f\u00fcr benachteiligte Kinder und Heranwachsende in Rum\u00e4nien e.V. (HiKHeR) ist ein deutscher gemeinn\u00fctziger Verein, der gegr\u00fcndet wurde, um die Arbeit von Kindern in Not Rum\u00e4nien zu unterst\u00fctzen. Kinder in Not Rum\u00e4nien, 1990 gegr\u00fcndet, k\u00fcmmert sich um verlassenen und andere Kinder mit schweren geistigen und k\u00f6rperlichen Erkrankungen sowie m\u00f6glicherweise lebensbedrohlichen Krankheiten wie HIV\/AIDS. Kinder in Not (CiD) bietet medizinische, therapeutische und sozialp\u00e4dagogische Betreuung an, um das Leiden der Kinder zu lindern und ihnen zu erm\u00f6glichen, soweit m\u00f6glich, ein w\u00fcrdevolles Leben zu f\u00fchren. CiD unterst\u00fctzt auch Kinder aus armen Verh\u00e4ltnissen durch Nachmittags- und Wochenendprojekte sowie Stipendien, die hoffentlich dazu f\u00fchren, dass diese Kinder in der Schule bleiben, anstatt abzubrechen, um zu arbeiten oder zu betteln.<\/span><\/p>\n<p><span style=\"font-weight: 400;\">HiKHeR wurde 2022 gegr\u00fcndet, um Mittel f\u00fcr CiD zu sammeln und dessen Arbeit auf andere Weise zu unterst\u00fctzen. HiKHeR wurde von mehreren Personen in Deutschland ins Leben gerufen, die die Arbeit von CiD durch ihre Besuche bei CiD seit 2014 kennenlernten. Diese Personen waren so beeindruckt von der Arbeit von CiD, dass sie CiD weiterhin als Einzelpersonen besuchten und unterst\u00fctzen. 2022 kamen diese Personen zusammen, um HiKHeR zu gr\u00fcnden, um CiD besser bei seiner Arbeit zu helfen. HiKHeR und CiD arbeiten eng zusammen, um die Betreuung von marginalisierten Kindern in Rum\u00e4nien durch CiD voranzubringen. Es ist eine bedeutungsvolle und produktive Partnerschaft. HiKHeR hat seit 2022 mehrere Fundraising-Aktivit\u00e4ten f\u00fcr CiD gesponsert. Jede Einzelperson oder juristische Person ist herzlich eingeladen, HiKHeR beizutreten. Um dem Verein beizutreten oder wenn Sie Fragen haben, wenden Sie sich bitte an Frauke Ackermann, die Pr\u00e4sidentin von HiKHeR, unter vorstand@hilfe-fuer-kinder-in-rumaenien.de.<\/span><\/p>\n<p>[\/vc_column_text][\/vc_column][\/vc_row][vc_row content_placement=&#8221;middle&#8221; type=&#8221;vc_default&#8221; css=&#8221;.vc_custom_1474212321334{padding-bottom: 55px !important;}&#8221;][vc_column offset=&#8221;vc_col-lg-6 vc_col-md-6 vc_col-xs-12&#8243;]<div id=\"ultimate-heading-900369e88e3cef6d4\" class=\"uvc-heading ult-adjust-bottom-margin ultimate-heading-900369e88e3cef6d4 uvc-9442 \" data-hspacer=\"no_spacer\"  data-halign=\"left\" style=\"text-align:left\"><div class=\"uvc-heading-spacer no_spacer\" style=\"top\"><\/div><div class=\"uvc-main-heading ult-responsive\"  data-ultimate-target='.uvc-heading.ultimate-heading-900369e88e3cef6d4 h3'  data-responsive-json-new='{\"font-size\":\"desktop:30px;\",\"line-height\":\"desktop:40px;\"}' ><h3 style=\"font-family:&#039;Raleway&#039;;font-weight:600;margin-bottom:20px;\">Ein neues zu Hause f\u00fcr \u201aunsere\u2018 Kinder: Casa Maria<\/h3><\/div><\/div>[vc_column_text css=&#8221;.vc_custom_1688752134782{padding-bottom: 30px !important;}&#8221;]Im September 2022 halfen Vereinsmitglieder beim Umzug einiger Kinder in ihr neues Zuhause, einem wundersch\u00f6nen, behindertengerecht eingerichtetem Haus mit Garten in einem Vorort von Bukarest mit<\/p>\n<p>Casa Maria wurde von Ihrer K\u00f6nigliche Hoheit Prinzessin Maria von Rum\u00e4nien feierlich er\u00f6ffnet. Anschlie\u00dfend wurde das Haus von orthodoxen Priestern gesegnet.<\/p>\n<p>Beim abendlichen Empfang in der britischen Botschaft hatten Mitglieder von HiKHeR Gelegenheit, sich mit Vorstandsmitgliedern von CID UK und CiID Rum\u00e4nien auszutauschen. HikHeR \u00fcberreichte der Vorsitzenden von CID in Rum\u00e4nien, Valentina Smith einen Scheck \u00fcber 2000 Euro als Unterst\u00fctzung f\u00fcr Casa Maria. Auch in Zukunft will HikHeR die Kinder in Casa Maria unterst\u00fctzen[\/vc_column_text][\/vc_column][vc_column offset=&#8221;vc_col-lg-offset-0 vc_col-lg-6 vc_col-md-offset-0 vc_col-md-6 vc_col-xs-12&#8243;][vc_masonry_media_grid grid_id=&#8221;vc_gid:1754860920382-2ef7634c-9fe0-2&#8243; include=&#8221;717,723,724,732,733,728,730,760&#8243;][\/vc_column][\/vc_row]<\/p>\n<\/div>","protected":false},"excerpt":{"rendered":"<p>[vc_row content_placement=&#8221;middle&#8221; type=&#8221;vc_default&#8221; css=&#8221;.vc_custom_1474212321334{padding-bottom: 55px !important;}&#8221;][vc_column width=&#8221;1\/4&#8243; offset=&#8221;vc_col-lg-offset-0 vc_col-lg-6 vc_col-md-offset-0 vc_col-md-6 vc_col-xs-12&#8243;][vc_video link=&#8221;https:\/\/www.youtube.com\/watch?v=pkDSFXFIo1w&#8221; css=&#8221;&#8221;][vc_single_image image=&#8221;806&#8243; alignment=&#8221;center&#8221; css=&#8221;.vc_custom_1754861000942{padding-bottom: 30px !important;}&#8221;][vc_video link=&#8221;https:\/\/www.youtube.com\/watch?v=-KT2Isa9yhw&#8221; css=&#8221;&#8221;][\/vc_column][vc_column width=&#8221;3\/4&#8243; offset=&#8221;vc_col-lg-6 vc_col-md-6 vc_col-xs-12&#8243;][vc_column_text css=&#8221;.vc_custom_1754860442015{padding-bottom: 30px !important;}&#8221;]Hilfe f\u00fcr benachteiligte Kinder und Heranwachsende in Rum\u00e4nien e.V. (HiKHeR) ist ein deutscher gemeinn\u00fctziger Verein, der gegr\u00fcndet wurde, um die Arbeit von Kindern in Not Rum\u00e4nien zu unterst\u00fctzen.&hellip;<\/p>\n","protected":false},"author":1,"featured_media":0,"parent":0,"menu_order":0,"comment_status":"closed","ping_status":"closed","template":"","meta":{"footnotes":""},"class_list":["post-301","page","type-page","status-publish","hentry","description-off"],"_links":{"self":[{"href":"https:\/\/verein.bplaced.net\/wordpress\/wp-json\/wp\/v2\/pages\/301","targetHints":{"allow":["GET"]}}],"collection":[{"href":"https:\/\/verein.bplaced.net\/wordpress\/wp-json\/wp\/v2\/pages"}],"about":[{"href":"https:\/\/verein.bplaced.net\/wordpress\/wp-json\/wp\/v2\/types\/page"}],"author":[{"embeddable":true,"href":"https:\/\/verein.bplaced.net\/wordpress\/wp-json\/wp\/v2\/users\/1"}],"replies":[{"embeddable":true,"href":"https:\/\/verein.bplaced.net\/wordpress\/wp-json\/wp\/v2\/comments?post=301"}],"version-history":[{"count":30,"href":"https:\/\/verein.bplaced.net\/wordpress\/wp-json\/wp\/v2\/pages\/301\/revisions"}],"predecessor-version":[{"id":959,"href":"https:\/\/verein.bplaced.net\/wordpress\/wp-json\/wp\/v2\/pages\/301\/revisions\/959"}],"wp:attachment":[{"href":"https:\/\/verein.bplaced.net\/wordpress\/wp-json\/wp\/v2\/media?parent=301"}],"curies":[{"name":"wp","href":"https:\/\/api.w.org\/{rel}","templated":true}]}}